{"id":4420,"date":"2019-01-08T15:31:43","date_gmt":"2019-01-08T14:31:43","guid":{"rendered":"https:\/\/jobs.alken-maes.com\/?page_id=4420"},"modified":"2024-10-25T07:39:42","modified_gmt":"2024-10-25T06:39:42","slug":"contact","status":"publish","type":"page","link":"https:\/\/jobs.alken-maes.com\/fr\/contact\/","title":{"rendered":"Contact"},"content":{"rendered":"<div id=\"pl-gb4420-69dc6c3b64817\"  class=\"panel-layout wp-block-siteorigin-panels-layout-block\" ><div id=\"pg-gb4420-69dc6c3b64817-0\"  class=\"panel-grid panel-has-style\"  data-style=\"{&quot;class&quot;:&quot;rij1 header-split&quot;,&quot;background_image_attachment&quot;:false,&quot;background_display&quot;:&quot;tile&quot;,&quot;full_height&quot;:&quot;&quot;,&quot;cell_alignment&quot;:&quot;flex-start&quot;}\" ><div class=\"rij1 header-split panel-row-style panel-row-style-for-gb4420-69dc6c3b64817-0\" ><div id=\"pgc-gb4420-69dc6c3b64817-0-0\"  class=\"panel-grid-cell\"  data-weight=\"1\" ><div id=\"panel-gb4420-69dc6c3b64817-0-0-0\" class=\"so-panel widget widget_sow-editor panel-first-child\" data-index=\"0\" data-style=\"{&quot;class&quot;:&quot;container&quot;,&quot;background_image_attachment&quot;:false,&quot;background_display&quot;:&quot;tile&quot;}\" ><div class=\"container panel-widget-style panel-widget-style-for-gb4420-69dc6c3b64817-0-0-0\" ><div\n\t\t\t\n\t\t\tclass=\"so-widget-sow-editor so-widget-sow-editor-base\"\n\t\t\t\n\t\t>\n<div class=\"siteorigin-widget-tinymce textwidget\">\n\t<h1>Contact<\/h1>\n<\/div>\n<\/div><\/div><\/div><div id=\"panel-gb4420-69dc6c3b64817-0-0-1\" class=\"so-panel widget widget_siteorigin-panels-builder\" data-index=\"1\" data-style=\"{&quot;class&quot;:&quot;container&quot;,&quot;background_image_attachment&quot;:false,&quot;background_display&quot;:&quot;tile&quot;,&quot;background_image_size&quot;:&quot;full&quot;,&quot;background_image_opacity&quot;:&quot;100&quot;,&quot;border_thickness&quot;:&quot;1px&quot;}\" ><div class=\"container panel-widget-style panel-widget-style-for-gb4420-69dc6c3b64817-0-0-1\" ><div id=\"pl-w66655d6160b58\"  class=\"panel-layout wp-block-siteorigin-panels-layout-block\" ><div id=\"pg-w66655d6160b58-0\"  class=\"panel-grid panel-no-style\"  data-style=\"{&quot;background_image_attachment&quot;:false,&quot;background_display&quot;:&quot;tile&quot;,&quot;full_height&quot;:&quot;&quot;,&quot;cell_alignment&quot;:&quot;flex-start&quot;}\" ><div id=\"pgc-w66655d6160b58-0-0\"  class=\"panel-grid-cell panel-grid-cell-mobile-last\"  data-style=\"{&quot;background_image_attachment&quot;:false,&quot;background_display&quot;:&quot;tile&quot;,&quot;vertical_alignment&quot;:&quot;auto&quot;}\"  data-weight=\"0.38\" ><div id=\"panel-w66655d6160b58-0-0-0\" class=\"so-panel widget widget_siteorigin-panels-builder panel-first-child panel-last-child\" data-index=\"0\" data-style=\"{&quot;background_image_attachment&quot;:false,&quot;background_display&quot;:&quot;tile&quot;,&quot;background_image_size&quot;:&quot;full&quot;,&quot;background_image_opacity&quot;:&quot;100&quot;,&quot;border_thickness&quot;:&quot;1px&quot;}\" ><div id=\"pl-w66655d6160b63\"  class=\"panel-layout wp-block-siteorigin-panels-layout-block\" ><div id=\"pg-w66655d6160b63-0\"  class=\"panel-grid panel-no-style\"  data-style=\"{&quot;background_image_attachment&quot;:false,&quot;background_display&quot;:&quot;tile&quot;,&quot;background_image_size&quot;:&quot;full&quot;,&quot;background_image_opacity&quot;:&quot;100&quot;,&quot;border_thickness&quot;:&quot;1px&quot;,&quot;full_height&quot;:&quot;&quot;,&quot;cell_alignment&quot;:&quot;flex-start&quot;}\" ><div id=\"pgc-w66655d6160b63-0-0\"  class=\"panel-grid-cell\"  data-weight=\"1\" ><div id=\"panel-w66655d6160b63-0-0-0\" class=\"so-panel widget widget_sow-editor panel-first-child panel-last-child\" data-index=\"0\" data-style=\"{&quot;background_image_attachment&quot;:false,&quot;background_display&quot;:&quot;tile&quot;}\" ><div\n\t\t\t\n\t\t\tclass=\"so-widget-sow-editor so-widget-sow-editor-base\"\n\t\t\t\n\t\t>\n<div class=\"siteorigin-widget-tinymce textwidget\">\n\t<p><span style=\"font-weight: 400;\">Nous ne pouvons pas t\u2019offrir de bi\u00e8res gratuites. Par contre, nous pouvons t\u2019offrir de belles opportunit\u00e9s d&#8217;emploi dans une entreprise qui p\u00e9tille de dynamisme. Contacte-nous, dis-nous quels sont tes talents et let\u2019s brew some good times !<\/span><\/p>\n<\/div>\n<\/div><\/div><\/div><\/div><\/div><\/div><\/div><div id=\"pgc-w66655d6160b58-0-1\"  class=\"panel-grid-cell panel-grid-cell-empty\"  data-style=\"{&quot;background_image_attachment&quot;:false,&quot;background_display&quot;:&quot;tile&quot;,&quot;vertical_alignment&quot;:&quot;auto&quot;}\"  data-weight=\"0.62\" ><\/div><\/div><\/div><\/div><\/div><div id=\"panel-gb4420-69dc6c3b64817-0-0-2\" class=\"so-panel widget widget_sow-image panel-last-child\" data-index=\"2\" data-style=\"{&quot;background_image_attachment&quot;:false,&quot;background_display&quot;:&quot;tile&quot;}\" ><div\n\t\t\t\n\t\t\tclass=\"so-widget-sow-image so-widget-sow-image-default-8b5b6f678277-4420\"\n\t\t\t\n\t\t>\n\n<div class=\"sow-image-container\">\n\t\t<img loading=\"lazy\" decoding=\"async\" src=\"https:\/\/jobs.alken-maes.com\/wp-content\/uploads\/2022\/09\/AM-331.jpg\" width=\"1200\" height=\"801\" srcset=\"https:\/\/jobs.alken-maes.com\/wp-content\/uploads\/2022\/09\/AM-331.jpg 1200w, https:\/\/jobs.alken-maes.com\/wp-content\/uploads\/2022\/09\/AM-331-300x200.jpg 300w, https:\/\/jobs.alken-maes.com\/wp-content\/uploads\/2022\/09\/AM-331-1024x684.jpg 1024w, https:\/\/jobs.alken-maes.com\/wp-content\/uploads\/2022\/09\/AM-331-768x513.jpg 768w, https:\/\/jobs.alken-maes.com\/wp-content\/uploads\/2022\/09\/AM-331-272x182.jpg 272w\" sizes=\"(max-width: 1200px) 100vw, 1200px\" title=\"AlkenMaes\" alt=\"\" \t\tclass=\"so-widget-image\"\/>\n\t<\/div>\n\n<\/div><\/div><\/div><\/div><\/div><div id=\"pg-gb4420-69dc6c3b64817-1\"  class=\"panel-grid panel-has-style\"  data-style=\"{&quot;class&quot;:&quot;page-faq rij_contact&quot;,&quot;background_image_attachment&quot;:false,&quot;background_display&quot;:&quot;tile&quot;,&quot;full_height&quot;:&quot;&quot;,&quot;cell_alignment&quot;:&quot;flex-start&quot;}\" ><div class=\"page-faq rij_contact panel-row-style panel-row-style-for-gb4420-69dc6c3b64817-1\" ><div id=\"pgc-gb4420-69dc6c3b64817-1-0\"  class=\"panel-grid-cell\"  data-weight=\"1\" ><div id=\"panel-gb4420-69dc6c3b64817-1-0-0\" class=\"so-panel widget widget_siteorigin-panels-builder panel-first-child panel-last-child\" data-index=\"3\" data-style=\"{&quot;class&quot;:&quot;container&quot;,&quot;background_image_attachment&quot;:false,&quot;background_display&quot;:&quot;tile&quot;,&quot;background_image_size&quot;:&quot;full&quot;,&quot;background_image_opacity&quot;:&quot;100&quot;,&quot;border_thickness&quot;:&quot;1px&quot;}\" ><div class=\"container panel-widget-style panel-widget-style-for-gb4420-69dc6c3b64817-1-0-0\" ><div id=\"pl-w671b3d2c7c164\"  class=\"panel-layout wp-block-siteorigin-panels-layout-block\" ><div id=\"pg-w671b3d2c7c164-0\"  class=\"panel-grid panel-has-style\"  data-style=\"{&quot;class&quot;:&quot;contact-mobile-order&quot;,&quot;background_image_attachment&quot;:false,&quot;background_display&quot;:&quot;tile&quot;,&quot;full_height&quot;:&quot;&quot;,&quot;cell_alignment&quot;:&quot;flex-start&quot;}\" ><div class=\"contact-mobile-order panel-row-style panel-row-style-for-w671b3d2c7c164-0\" ><div id=\"pgc-w671b3d2c7c164-0-0\"  class=\"panel-grid-cell\"  data-weight=\"0.6\" ><div id=\"panel-w671b3d2c7c164-0-0-0\" class=\"so-panel widget widget_sow-editor panel-first-child\" data-index=\"0\" data-style=\"{&quot;class&quot;:&quot;contact_form&quot;,&quot;background_image_attachment&quot;:false,&quot;background_display&quot;:&quot;tile&quot;,&quot;background_image_size&quot;:&quot;full&quot;,&quot;background_image_opacity&quot;:&quot;100&quot;,&quot;border_thickness&quot;:&quot;1px&quot;}\" ><div class=\"contact_form panel-widget-style panel-widget-style-for-w671b3d2c7c164-0-0-0\" ><div\n\t\t\t\n\t\t\tclass=\"so-widget-sow-editor so-widget-sow-editor-base\"\n\t\t\t\n\t\t>\n<div class=\"siteorigin-widget-tinymce textwidget\">\n\t\n<div class=\"wpcf7 no-js\" id=\"wpcf7-f4901-o1\" lang=\"fr-FR\" dir=\"ltr\">\n<div class=\"screen-reader-response\"><p role=\"status\" aria-live=\"polite\" aria-atomic=\"true\"><\/p> <ul><\/ul><\/div>\n<form action=\"\/fr\/wp-json\/wp\/v2\/pages\/4420#wpcf7-f4901-o1\" method=\"post\" class=\"wpcf7-form init\" aria-label=\"Formulaire de contact\" novalidate=\"novalidate\" data-status=\"init\">\n<div style=\"display: none;\">\n<input type=\"hidden\" name=\"_wpcf7\" value=\"4901\" \/>\n<input type=\"hidden\" name=\"_wpcf7_version\" value=\"5.9\" \/>\n<input type=\"hidden\" name=\"_wpcf7_locale\" value=\"fr_FR\" \/>\n<input type=\"hidden\" name=\"_wpcf7_unit_tag\" value=\"wpcf7-f4901-o1\" \/>\n<input type=\"hidden\" name=\"_wpcf7_container_post\" value=\"0\" \/>\n<input type=\"hidden\" name=\"_wpcf7_posted_data_hash\" value=\"\" \/>\n<input type=\"hidden\" name=\"_wpcf7_recaptcha_response\" value=\"\" \/>\n<\/div>\n<div class=\"input-split\">\n\t<p><label> Quel est ton pr\u00e9nom ?<br \/>\n<span class=\"wpcf7-form-control-wrap\" data-name=\"your-firstname\"><input size=\"40\" class=\"wpcf7-form-control wpcf7-text wpcf7-validates-as-required\" aria-required=\"true\" aria-invalid=\"false\" placeholder=\"Entre ton pr\u00e9nom ici\" value=\"\" type=\"text\" name=\"your-firstname\" \/><\/span> <\/label>\n\t<\/p>\n\t<p><label> Et ton nom ?<br \/>\n<span class=\"wpcf7-form-control-wrap\" data-name=\"your-lastname\"><input size=\"40\" class=\"wpcf7-form-control wpcf7-text wpcf7-validates-as-required\" aria-required=\"true\" aria-invalid=\"false\" placeholder=\"Entre ton nom ici\" value=\"\" type=\"text\" name=\"your-lastname\" \/><\/span> <\/label>\n\t<\/p>\n<\/div>\n<p><label> \u00c0 quelle adresse e-mail pouvons-nous te joindre ?<br \/>\n<span class=\"wpcf7-form-control-wrap\" data-name=\"your-email\"><input size=\"40\" class=\"wpcf7-form-control wpcf7-email wpcf7-validates-as-required wpcf7-text wpcf7-validates-as-email\" aria-required=\"true\" aria-invalid=\"false\" placeholder=\"Entre ton adresse e-mail ici\" value=\"\" type=\"email\" name=\"your-email\" \/><\/span> <\/label>\n<\/p>\n<p><label> Quel est ton num\u00e9ro de t\u00e9l\u00e9phone ?<br \/>\n<span class=\"wpcf7-form-control-wrap\" data-name=\"your-phone\"><input size=\"40\" class=\"wpcf7-form-control wpcf7-tel wpcf7-validates-as-required wpcf7-text wpcf7-validates-as-tel\" aria-required=\"true\" aria-invalid=\"false\" placeholder=\"Entre ton num\u00e9ro de t\u00e9l\u00e9phone ici\" value=\"\" type=\"tel\" name=\"your-phone\" \/><\/span> <\/label>\n<\/p>\n<p><label> Message<br \/>\n<span class=\"wpcf7-form-control-wrap\" data-name=\"your-message\"><textarea cols=\"40\" rows=\"10\" class=\"wpcf7-form-control wpcf7-textarea wpcf7-validates-as-required\" aria-required=\"true\" aria-invalid=\"false\" placeholder=\"Entre ton message ici\" name=\"your-message\"><\/textarea><\/span> <\/label>\n<\/p>\n<div class=\"form-submit-container\">\n\t<p><span class=\"wpcf7-form-control-wrap\" data-name=\"your-gdpr\"><span class=\"wpcf7-form-control wpcf7-acceptance\"><span class=\"wpcf7-list-item\"><label><input type=\"checkbox\" name=\"your-gdpr\" value=\"1\" aria-invalid=\"false\" \/><span class=\"wpcf7-list-item-label\">J\u2019accepte la <a href=\"https:\/\/jobs.alken-maes.com\/fr\/privacy\/\">politique de confidentialit\u00e9<\/a> et le fait que les donn\u00e9es personnelles sont conserv\u00e9es sur la base de la l\u00e9gislation RGPD.<\/span><\/label><\/span><\/span><\/span>\n\t<\/p>\n\t<p><input class=\"wpcf7-form-control wpcf7-submit has-spinner\" type=\"submit\" value=\"Envoyer\" \/>\n\t<\/p>\n<\/div><div class=\"wpcf7-response-output\" aria-hidden=\"true\"><\/div>\n<\/form>\n<\/div>\n\n<\/div>\n<\/div><\/div><\/div><div id=\"panel-w671b3d2c7c164-0-0-1\" class=\"so-panel widget widget_sow-editor panel-last-child\" data-index=\"1\" data-style=\"{&quot;class&quot;:&quot;contact_bedankt&quot;,&quot;background_image_attachment&quot;:false,&quot;background_display&quot;:&quot;tile&quot;}\" ><div class=\"contact_bedankt panel-widget-style panel-widget-style-for-w671b3d2c7c164-0-0-1\" ><div\n\t\t\t\n\t\t\tclass=\"so-widget-sow-editor so-widget-sow-editor-base\"\n\t\t\t\n\t\t>\n<div class=\"siteorigin-widget-tinymce textwidget\">\n\t<h4>Merci de nous avoir contact\u00e9s !<\/h4>\n<p>Votre question a bien \u00e9t\u00e9 envoy\u00e9e, nous vous r\u00e9pondrons dans les plus brefs d\u00e9lais.<\/p>\n<\/div>\n<\/div><\/div><\/div><\/div><div id=\"pgc-w671b3d2c7c164-0-1\"  class=\"panel-grid-cell\"  data-weight=\"0.4\" ><div id=\"panel-w671b3d2c7c164-0-1-0\" class=\"so-panel widget widget_sow-editor panel-first-child panel-last-child\" data-index=\"2\" data-style=\"{&quot;class&quot;:&quot;contact_overlay&quot;,&quot;background_image_attachment&quot;:false,&quot;background_display&quot;:&quot;tile&quot;}\" ><div class=\"contact_overlay panel-widget-style panel-widget-style-for-w671b3d2c7c164-0-1-0\" ><div\n\t\t\t\n\t\t\tclass=\"so-widget-sow-editor so-widget-sow-editor-base\"\n\t\t\t\n\t\t>\n<div class=\"siteorigin-widget-tinymce textwidget\">\n\t<h4>Contactez-nous<\/h4>\n<p><a href=\"mailto:jobs@alken-maes.com\">jobs@alken-maes.com<\/a><\/p>\n<p>Blarenberglaan 3c<br \/>\n2800 Mechelen<\/p>\n<\/div>\n<\/div><\/div><\/div><\/div><\/div><\/div><div id=\"pg-w671b3d2c7c164-1\"  class=\"panel-grid panel-has-style\"  data-style=\"{&quot;class&quot;:&quot;rotating-red rotating-text-container-top width-1144&quot;,&quot;background_image_attachment&quot;:false,&quot;background_display&quot;:&quot;tile&quot;,&quot;full_height&quot;:&quot;&quot;,&quot;cell_alignment&quot;:&quot;flex-start&quot;}\" ><div class=\"rotating-red rotating-text-container-top width-1144 panel-row-style panel-row-style-for-w671b3d2c7c164-1\" ><div id=\"pgc-w671b3d2c7c164-1-0\"  class=\"panel-grid-cell panel-grid-cell-empty\"  data-weight=\"0.6\" ><\/div><div id=\"pgc-w671b3d2c7c164-1-1\"  class=\"panel-grid-cell\"  data-style=\"{&quot;class&quot;:&quot;rotating-text-container&quot;,&quot;background_image_attachment&quot;:false,&quot;background_display&quot;:&quot;cover&quot;,&quot;vertical_alignment&quot;:&quot;auto&quot;}\"  data-weight=\"0.4\" ><div class=\"rotating-text-container panel-cell-style panel-cell-style-for-w671b3d2c7c164-1-1\" ><div id=\"panel-w671b3d2c7c164-1-1-0\" class=\"so-panel widget widget_sow-editor panel-first-child panel-last-child\" data-index=\"3\" data-style=\"{&quot;class&quot;:&quot;rotating-text&quot;,&quot;background_image_attachment&quot;:false,&quot;background_display&quot;:&quot;tile&quot;,&quot;background_image_size&quot;:&quot;full&quot;,&quot;background_image_opacity&quot;:&quot;100&quot;,&quot;border_thickness&quot;:&quot;1px&quot;}\" ><div class=\"rotating-text panel-widget-style panel-widget-style-for-w671b3d2c7c164-1-1-0\" ><div\n\t\t\t\n\t\t\tclass=\"so-widget-sow-editor so-widget-sow-editor-base\"\n\t\t\t\n\t\t>\n<div class=\"siteorigin-widget-tinymce textwidget\">\n\t<p style=\"text-align: right;\">info<\/p>\n<p style=\"text-align: right;\">info<\/p>\n<p style=\"text-align: right;\">info<\/p>\n<p style=\"text-align: right;\">info<\/p>\n<p style=\"text-align: right;\">info<\/p>\n<p style=\"text-align: right;\">info<\/p>\n<\/div>\n<\/div><\/div><\/div><\/div><\/div><\/div><\/div><\/div><\/div><\/div><\/div><\/div><\/div><\/div>","protected":false},"excerpt":{"rendered":"<p>Contact<\/p>\n","protected":false},"author":3,"featured_media":0,"parent":0,"menu_order":0,"comment_status":"closed","ping_status":"closed","template":"","meta":{"footnotes":""},"yoast_head":"<!-- This site is optimized with the Yoast SEO plugin v22.2 - https:\/\/yoast.com\/wordpress\/plugins\/seo\/ -->\n<title>Contact - Alken-Maes<\/title>\n<meta name=\"robots\" content=\"index, follow, max-snippet:-1, max-image-preview:large, max-video-preview:-1\" \/>\n<link rel=\"canonical\" href=\"https:\/\/jobs.alken-maes.com\/fr\/contact\/\" \/>\n<meta property=\"og:locale\" content=\"fr_FR\" \/>\n<meta property=\"og:type\" content=\"article\" \/>\n<meta property=\"og:title\" content=\"Contact - Alken-Maes\" \/>\n<meta property=\"og:description\" content=\"Contact\" \/>\n<meta property=\"og:url\" content=\"https:\/\/jobs.alken-maes.com\/fr\/contact\/\" \/>\n<meta property=\"og:site_name\" content=\"Alken-Maes\" \/>\n<meta property=\"article:modified_time\" content=\"2024-10-25T06:39:42+00:00\" \/>\n<meta property=\"og:image\" content=\"https:\/\/jobs.alken-maes.com\/wp-content\/uploads\/2022\/09\/AM-296-1.jpg\" \/>\n\t<meta property=\"og:image:width\" content=\"1200\" \/>\n\t<meta property=\"og:image:height\" content=\"801\" \/>\n\t<meta property=\"og:image:type\" content=\"image\/jpeg\" \/>\n<meta name=\"twitter:card\" content=\"summary_large_image\" \/>\n<meta name=\"twitter:label1\" content=\"Dur\u00e9e de lecture estim\u00e9e\" \/>\n\t<meta name=\"twitter:data1\" content=\"1 minute\" \/>\n<script type=\"application\/ld+json\" class=\"yoast-schema-graph\">{\"@context\":\"https:\/\/schema.org\",\"@graph\":[{\"@type\":\"WebPage\",\"@id\":\"https:\/\/jobs.alken-maes.com\/fr\/contact\/\",\"url\":\"https:\/\/jobs.alken-maes.com\/fr\/contact\/\",\"name\":\"Contact - Alken-Maes\",\"isPartOf\":{\"@id\":\"https:\/\/jobs.alken-maes.com\/fr\/#website\"},\"datePublished\":\"2019-01-08T14:31:43+00:00\",\"dateModified\":\"2024-10-25T06:39:42+00:00\",\"breadcrumb\":{\"@id\":\"https:\/\/jobs.alken-maes.com\/fr\/contact\/#breadcrumb\"},\"inLanguage\":\"fr-FR\",\"potentialAction\":[{\"@type\":\"ReadAction\",\"target\":[\"https:\/\/jobs.alken-maes.com\/fr\/contact\/\"]}]},{\"@type\":\"BreadcrumbList\",\"@id\":\"https:\/\/jobs.alken-maes.com\/fr\/contact\/#breadcrumb\",\"itemListElement\":[{\"@type\":\"ListItem\",\"position\":1,\"name\":\"Home\",\"item\":\"https:\/\/jobs.alken-maes.com\/fr\/\"},{\"@type\":\"ListItem\",\"position\":2,\"name\":\"Contact\"}]},{\"@type\":\"WebSite\",\"@id\":\"https:\/\/jobs.alken-maes.com\/fr\/#website\",\"url\":\"https:\/\/jobs.alken-maes.com\/fr\/\",\"name\":\"Alken-Maes\",\"description\":\"\",\"potentialAction\":[{\"@type\":\"SearchAction\",\"target\":{\"@type\":\"EntryPoint\",\"urlTemplate\":\"https:\/\/jobs.alken-maes.com\/fr\/?s={search_term_string}\"},\"query-input\":\"required name=search_term_string\"}],\"inLanguage\":\"fr-FR\"}]}<\/script>\n<!-- \/ Yoast SEO plugin. -->","yoast_head_json":{"title":"Contact - Alken-Maes","robots":{"index":"index","follow":"follow","max-snippet":"max-snippet:-1","max-image-preview":"max-image-preview:large","max-video-preview":"max-video-preview:-1"},"canonical":"https:\/\/jobs.alken-maes.com\/fr\/contact\/","og_locale":"fr_FR","og_type":"article","og_title":"Contact - Alken-Maes","og_description":"Contact","og_url":"https:\/\/jobs.alken-maes.com\/fr\/contact\/","og_site_name":"Alken-Maes","article_modified_time":"2024-10-25T06:39:42+00:00","og_image":[{"width":1200,"height":801,"url":"https:\/\/jobs.alken-maes.com\/wp-content\/uploads\/2022\/09\/AM-296-1.jpg","type":"image\/jpeg"}],"twitter_card":"summary_large_image","twitter_misc":{"Dur\u00e9e de lecture estim\u00e9e":"1 minute"},"schema":{"@context":"https:\/\/schema.org","@graph":[{"@type":"WebPage","@id":"https:\/\/jobs.alken-maes.com\/fr\/contact\/","url":"https:\/\/jobs.alken-maes.com\/fr\/contact\/","name":"Contact - Alken-Maes","isPartOf":{"@id":"https:\/\/jobs.alken-maes.com\/fr\/#website"},"datePublished":"2019-01-08T14:31:43+00:00","dateModified":"2024-10-25T06:39:42+00:00","breadcrumb":{"@id":"https:\/\/jobs.alken-maes.com\/fr\/contact\/#breadcrumb"},"inLanguage":"fr-FR","potentialAction":[{"@type":"ReadAction","target":["https:\/\/jobs.alken-maes.com\/fr\/contact\/"]}]},{"@type":"BreadcrumbList","@id":"https:\/\/jobs.alken-maes.com\/fr\/contact\/#breadcrumb","itemListElement":[{"@type":"ListItem","position":1,"name":"Home","item":"https:\/\/jobs.alken-maes.com\/fr\/"},{"@type":"ListItem","position":2,"name":"Contact"}]},{"@type":"WebSite","@id":"https:\/\/jobs.alken-maes.com\/fr\/#website","url":"https:\/\/jobs.alken-maes.com\/fr\/","name":"Alken-Maes","description":"","potentialAction":[{"@type":"SearchAction","target":{"@type":"EntryPoint","urlTemplate":"https:\/\/jobs.alken-maes.com\/fr\/?s={search_term_string}"},"query-input":"required name=search_term_string"}],"inLanguage":"fr-FR"}]}},"_links":{"self":[{"href":"https:\/\/jobs.alken-maes.com\/fr\/wp-json\/wp\/v2\/pages\/4420"}],"collection":[{"href":"https:\/\/jobs.alken-maes.com\/fr\/wp-json\/wp\/v2\/pages"}],"about":[{"href":"https:\/\/jobs.alken-maes.com\/fr\/wp-json\/wp\/v2\/types\/page"}],"author":[{"embeddable":true,"href":"https:\/\/jobs.alken-maes.com\/fr\/wp-json\/wp\/v2\/users\/3"}],"replies":[{"embeddable":true,"href":"https:\/\/jobs.alken-maes.com\/fr\/wp-json\/wp\/v2\/comments?post=4420"}],"version-history":[{"count":11,"href":"https:\/\/jobs.alken-maes.com\/fr\/wp-json\/wp\/v2\/pages\/4420\/revisions"}],"predecessor-version":[{"id":6164,"href":"https:\/\/jobs.alken-maes.com\/fr\/wp-json\/wp\/v2\/pages\/4420\/revisions\/6164"}],"wp:attachment":[{"href":"https:\/\/jobs.alken-maes.com\/fr\/wp-json\/wp\/v2\/media?parent=4420"}],"curies":[{"name":"wp","href":"https:\/\/api.w.org\/{rel}","templated":true}]}}