{"id":4416,"date":"2020-01-06T15:50:32","date_gmt":"2020-01-06T14:50:32","guid":{"rendered":"https:\/\/jobs.alken-maes.com\/?page_id=4416"},"modified":"2022-10-06T10:47:11","modified_gmt":"2022-10-06T09:47:11","slug":"privacy","status":"publish","type":"page","link":"https:\/\/jobs.alken-maes.com\/fr\/privacy\/","title":{"rendered":"Privacy"},"content":{"rendered":"<div id=\"pl-gb4416-69ef50d53b52d\"  class=\"panel-layout\" ><div id=\"pg-gb4416-69ef50d53b52d-0\"  class=\"panel-grid panel-has-style\"  data-style=\"{&quot;class&quot;:&quot;rij1_privacy rij1 container&quot;,&quot;background_image_attachment&quot;:false,&quot;background_display&quot;:&quot;tile&quot;,&quot;full_height&quot;:&quot;&quot;,&quot;cell_alignment&quot;:&quot;flex-start&quot;}\"  data-ratio=\"1\"  data-ratio-direction=\"right\" ><div class=\"rij1_privacy rij1 container panel-row-style panel-row-style-for-gb4416-69ef50d53b52d-0\" ><div id=\"pgc-gb4416-69ef50d53b52d-0-0\"  class=\"panel-grid-cell\"  data-weight=\"1\" ><div id=\"panel-gb4416-69ef50d53b52d-0-0-0\" class=\"so-panel widget widget_sow-editor panel-first-child panel-last-child\" data-index=\"0\" data-style=\"{&quot;background_image_attachment&quot;:false,&quot;background_display&quot;:&quot;tile&quot;}\" ><div\n\t\t\t\n\t\t\tclass=\"so-widget-sow-editor so-widget-sow-editor-base\"\n\t\t\t\n\t\t>\n<div class=\"siteorigin-widget-tinymce textwidget\">\n\t<h2 style=\"text-align: center;\">Politique de confidentialit\u00e9 Alken-Maes<\/h2>\n<p style=\"text-align: left;\">Alken-Maes SA, ayant son si\u00e8ge social \u00e0 2800 Malines, Blarenberglaan 6 Boite C, avec num\u00e9ro d\u2019entreprise 0716.926.901, RPM Anvers, section Malines (ci-apr\u00e8s d\u00e9nomm\u00e9e \u201cAlken-Maes\u2019, \u2018nous\u2019, \u2018notre\u2019, \u2018nos\u2019) est responsable pour le traitement des donn\u00e9es personnelles recueillies sur ce site web.<\/p>\n<p style=\"text-align: left;\">Nous nous engageons \u00e0 faire preuve de rigueur dans le traitement des donn\u00e9es confidentielles et susceptibles de porter atteinte \u00e0 la vie priv\u00e9e, et nous traitons ces donn\u00e9es conform\u00e9ment aux lois et r\u00e8glements en vigueur. (y compris le R\u00e8glement G\u00e9n\u00e9ral sur la Protection des Donn\u00e9es (UE) 2016\/6\/679 et la Loi relative aux communications \u00e9lectroniques du 13 juin 2005.).<\/p>\n<p style=\"text-align: left;\">La pr\u00e9sente Politique de Confidentialit\u00e9 d\u00e9crit de quelle mani\u00e8re nous utilisons vos donn\u00e9es personnelles. Les donn\u00e9es personnelles sont des donn\u00e9es qui peuvent \u00eatre utilis\u00e9es pour identifier une personne physique, ou qui peuvent \u00eatre li\u00e9es \u00e0 une personne physique. En particulier, la pr\u00e9sente Politique de Confidentialit\u00e9 vous informe de la mani\u00e8re dont nous traitons les donn\u00e9es personnelles des visiteurs de ce site web, et des fins de leur traitement. Dans cette optique, la pr\u00e9sente politique aborde \u00e9galement les diff\u00e9rents droits en mati\u00e8re de protection des donn\u00e9es dont vous disposez en tant qu\u2019utilisateur de ce site web, et la mani\u00e8re dont vous pouvez exercer ces droits.<\/p>\n<p style=\"text-align: left;\">La pr\u00e9sente Politique de Confidentialit\u00e9 est d\u2019application pour toutes les activit\u00e9s sur ce site web, sauf si une politique distincte et sp\u00e9cifique serait communiqu\u00e9e pour une action digitale particuli\u00e8re.<\/p>\n<p style=\"text-align: left;\">Quelles donn\u00e9es personnelles sont recueillies par Alken-Maes?<\/p>\n<p style=\"text-align: left;\">Alken-Maes recueillit les donn\u00e9es que vous nous communiquez librement en tant qu\u2019utilisateur de ce site web, telles que votre nom et adresse e-mail lorsque vous compl\u00e9tez le formulaire de contact ou lorsque vous nous envoyez un e-mail.<\/p>\n<p style=\"text-align: left;\">En outre, nous traitons des donn\u00e9es personnelles recueillies automatiquement par le biais de cookies (consultez la Politique de Cookies pour plus de d\u00e9tails), telles que votre adresse IP, votre comportement de navigation sur le site web, votre comportement en termes de clicks, donn\u00e9es de localisation et cookie ID.<\/p>\n<h2 style=\"text-align: center;\">A quelles fins Alken-Maes traite-t-elle vos donn\u00e9es personnelles ?<\/h2>\n<p style=\"text-align: left;\">Alken-Maes traite et utilise les donn\u00e9es personnelles recueillis via le site web :<\/p>\n<ul>\n<li style=\"text-align: left;\">\u00e0 des fins pratiques : pour assurer l\u2019utilisation et l\u2019affichage corrects du site web<\/li>\n<li style=\"text-align: left;\">\u00e0 des fins l\u00e9gales : par exemple le contr\u00f4le d\u2019\u00e2ge<\/li>\n<li style=\"text-align: left;\">\u00e0 des fins de communication : pour vous contacter si vous nous envoyez une question ou une demande par e-mail ou moyennant le formulaire de contact.<\/li>\n<li>\u00e0 des fins de recrutement : si tu souhaites travailler chez Alken-Maes, nous traiterons et conserverons les donn\u00e9es personnelles \u00e0 cette fin.<\/li>\n<li style=\"text-align: left;\"><em>Uniquement si vous avez donn\u00e9 la permission :<\/em> \u00e0 des fins promotionnelles et de marketing, pour vous inviter \u00e0 participer \u00e0 des concours et des promotions, pour vous envoyer des bulletins, pour vous pr\u00e9senter des offres et des informations, pour vous envoyer des informations d\u2019utilisateur, des messages de service ou d\u2019autres messages \u00e9lectroniques par les r\u00e9seaux publicitaires et sociaux.<\/li>\n<\/ul>\n<h2 style=\"text-align: center;\">A qui Alken-Maes transmet-elle ces donn\u00e9es personnelles ?<\/h2>\n<p style=\"text-align: left;\">La transmission des donn\u00e9es personnelles \u00e0 des tiers par Alken-Maes s\u2019effectue uniquement dans le cadre des lois en vigueur.<\/p>\n<p style=\"text-align: left;\">Vos donn\u00e9es personnelles recueillies via le site web sont trait\u00e9es par un gestionnaire de site web externe, d\u00e9sign\u00e9 par Alken-Maes. En outre, nous travaillons ensemble avec Google Analytics pour recueillir vos donn\u00e9es personnelles par le biais de cookies de suivi (consultez la section \u2018Politique de Cookies\u2019 pour plus de d\u00e9tails). Vos donn\u00e9es personnelles peuvent \u00eatre partag\u00e9es avec des soci\u00e9t\u00e9s apparent\u00e9es \u00e0 Alken Maes, au sein du groupe Heineken. En principe, vos donn\u00e9es personnelles ne seront pas trait\u00e9es en dehors de l\u2019Union europ\u00e9enne.<\/p>\n<h2 style=\"text-align: center;\">Pendant combien de temps Alken-Maes conserve-t-elle vos donn\u00e9es personnelles ?<\/h2>\n<p style=\"text-align: left;\">Alken-Maes ne conserve pas vos donn\u00e9es personnelles au-del\u00e0 du temps n\u00e9cessaire au traitement pour lequel elles ont \u00e9t\u00e9 collect\u00e9es. A la fin de ce d\u00e9lai, les donn\u00e9es personnelles sont supprim\u00e9es ou rendues anonymes.<\/p>\n<h2 style=\"text-align: center;\">Comment exercer ces droits de confidentialit\u00e9 en tant qu\u2019utilisateur?<\/h2>\n<p style=\"text-align: left;\">Vous avez le droit de consulter, de rectifier ou de supprimer (certaines de) vos donn\u00e9es personnelles \u00e0 tout moment. Vous avez \u00e9galement le droit de retirer votre consentement, de vous opposer au traitement de (certaines de) vos donn\u00e9es personnelles, de faire transf\u00e9rer vos donn\u00e9es personnelles \u00e0 une tierce partie, ou encore, d\u2019introduire une r\u00e9clamation aupr\u00e8s d&rsquo;une autorit\u00e9 de protection des donn\u00e9es comp\u00e9tente.<\/p>\n<p style=\"text-align: left;\">Vous pouvez toujours envoyer un mail au Privacy Manager de Alken-Maes, \u00e0 l\u2019adresse privacy@alken-maes.com.<\/p>\n<p style=\"text-align: left;\">Dans l\u2019objet de votre mail, indiquez clairement qu\u2019il s\u2019agit de l\u2019exercice de votre droit en vertu du R\u00e8glement G\u00e9n\u00e9ral sur la Protection des Donn\u00e9es, et pr\u00e9cisez quel droit que vous souhaitez exercer. Afin d\u2019\u00e9tablir clairement votre identit\u00e9, nous pourrons vous demander des informations suppl\u00e9mentaires, telles qu\u2019une copie de votre carte d\u2019identit\u00e9.<\/p>\n<h2 style=\"text-align: center;\">Comment pouvez-vous contacter Alken-Maes?<\/h2>\n<p style=\"text-align: left;\">Si vous avez des commentaires ou des questions sur la pr\u00e9sente politique ou notre traitement de vos informations, n\u2019h\u00e9sitez pas \u00e0 contacter le Privacy Manager de Alken-Maes, via privacy@alken-maes.com.<\/p>\n<\/div>\n<\/div><\/div><\/div><\/div><\/div><\/div>\n\n","protected":false},"excerpt":{"rendered":"<p>Politique de confidentialit\u00e9 Alken-Maes Alken-Maes SA, ayant son si\u00e8ge social \u00e0 2800 Malines, Blarenberglaan 6 Boite C, avec num\u00e9ro d\u2019entreprise 0716.926.901, RPM Anvers, section Malines (ci-apr\u00e8s d\u00e9nomm\u00e9e \u201cAlken-Maes\u2019, \u2018nous\u2019, \u2018notre\u2019, \u2018nos\u2019) est responsable pour le traitement des donn\u00e9es personnelles recueillies sur ce site web. Nous nous engageons \u00e0 faire preuve de rigueur dans le traitement [&hellip;]<\/p>\n","protected":false},"author":3,"featured_media":0,"parent":0,"menu_order":0,"comment_status":"closed","ping_status":"closed","template":"","meta":{"footnotes":""},"yoast_head":"<!-- This site is optimized with the Yoast SEO plugin v22.2 - https:\/\/yoast.com\/wordpress\/plugins\/seo\/ -->\n<title>Privacy - Alken-Maes<\/title>\n<meta name=\"robots\" content=\"index, follow, max-snippet:-1, max-image-preview:large, max-video-preview:-1\" \/>\n<link rel=\"canonical\" href=\"https:\/\/jobs.alken-maes.com\/fr\/privacy\/\" \/>\n<meta property=\"og:locale\" content=\"fr_FR\" \/>\n<meta property=\"og:type\" content=\"article\" \/>\n<meta property=\"og:title\" content=\"Privacy - Alken-Maes\" \/>\n<meta property=\"og:description\" content=\"Politique de confidentialit\u00e9 Alken-Maes Alken-Maes SA, ayant son si\u00e8ge social \u00e0 2800 Malines, Blarenberglaan 6 Boite C, avec num\u00e9ro d\u2019entreprise 0716.926.901, RPM Anvers, section Malines (ci-apr\u00e8s d\u00e9nomm\u00e9e \u201cAlken-Maes\u2019, \u2018nous\u2019, \u2018notre\u2019, \u2018nos\u2019) est responsable pour le traitement des donn\u00e9es personnelles recueillies sur ce site web. Nous nous engageons \u00e0 faire preuve de rigueur dans le traitement [&hellip;]\" \/>\n<meta property=\"og:url\" content=\"https:\/\/jobs.alken-maes.com\/fr\/privacy\/\" \/>\n<meta property=\"og:site_name\" content=\"Alken-Maes\" \/>\n<meta property=\"article:modified_time\" content=\"2022-10-06T09:47:11+00:00\" \/>\n<meta property=\"og:image\" content=\"https:\/\/jobs.alken-maes.com\/wp-content\/uploads\/2022\/09\/AM-296-1.jpg\" \/>\n\t<meta property=\"og:image:width\" content=\"1200\" \/>\n\t<meta property=\"og:image:height\" content=\"801\" \/>\n\t<meta property=\"og:image:type\" content=\"image\/jpeg\" \/>\n<meta name=\"twitter:card\" content=\"summary_large_image\" \/>\n<meta name=\"twitter:label1\" content=\"Dur\u00e9e de lecture estim\u00e9e\" \/>\n\t<meta name=\"twitter:data1\" content=\"4 minutes\" \/>\n<script type=\"application\/ld+json\" class=\"yoast-schema-graph\">{\"@context\":\"https:\/\/schema.org\",\"@graph\":[{\"@type\":\"WebPage\",\"@id\":\"https:\/\/jobs.alken-maes.com\/fr\/privacy\/\",\"url\":\"https:\/\/jobs.alken-maes.com\/fr\/privacy\/\",\"name\":\"Privacy - Alken-Maes\",\"isPartOf\":{\"@id\":\"https:\/\/jobs.alken-maes.com\/fr\/#website\"},\"datePublished\":\"2020-01-06T14:50:32+00:00\",\"dateModified\":\"2022-10-06T09:47:11+00:00\",\"breadcrumb\":{\"@id\":\"https:\/\/jobs.alken-maes.com\/fr\/privacy\/#breadcrumb\"},\"inLanguage\":\"fr-FR\",\"potentialAction\":[{\"@type\":\"ReadAction\",\"target\":[\"https:\/\/jobs.alken-maes.com\/fr\/privacy\/\"]}]},{\"@type\":\"BreadcrumbList\",\"@id\":\"https:\/\/jobs.alken-maes.com\/fr\/privacy\/#breadcrumb\",\"itemListElement\":[{\"@type\":\"ListItem\",\"position\":1,\"name\":\"Home\",\"item\":\"https:\/\/jobs.alken-maes.com\/fr\/\"},{\"@type\":\"ListItem\",\"position\":2,\"name\":\"Privacy\"}]},{\"@type\":\"WebSite\",\"@id\":\"https:\/\/jobs.alken-maes.com\/fr\/#website\",\"url\":\"https:\/\/jobs.alken-maes.com\/fr\/\",\"name\":\"Alken-Maes\",\"description\":\"\",\"potentialAction\":[{\"@type\":\"SearchAction\",\"target\":{\"@type\":\"EntryPoint\",\"urlTemplate\":\"https:\/\/jobs.alken-maes.com\/fr\/?s={search_term_string}\"},\"query-input\":\"required name=search_term_string\"}],\"inLanguage\":\"fr-FR\"}]}<\/script>\n<!-- \/ Yoast SEO plugin. -->","yoast_head_json":{"title":"Privacy - Alken-Maes","robots":{"index":"index","follow":"follow","max-snippet":"max-snippet:-1","max-image-preview":"max-image-preview:large","max-video-preview":"max-video-preview:-1"},"canonical":"https:\/\/jobs.alken-maes.com\/fr\/privacy\/","og_locale":"fr_FR","og_type":"article","og_title":"Privacy - Alken-Maes","og_description":"Politique de confidentialit\u00e9 Alken-Maes Alken-Maes SA, ayant son si\u00e8ge social \u00e0 2800 Malines, Blarenberglaan 6 Boite C, avec num\u00e9ro d\u2019entreprise 0716.926.901, RPM Anvers, section Malines (ci-apr\u00e8s d\u00e9nomm\u00e9e \u201cAlken-Maes\u2019, \u2018nous\u2019, \u2018notre\u2019, \u2018nos\u2019) est responsable pour le traitement des donn\u00e9es personnelles recueillies sur ce site web. Nous nous engageons \u00e0 faire preuve de rigueur dans le traitement [&hellip;]","og_url":"https:\/\/jobs.alken-maes.com\/fr\/privacy\/","og_site_name":"Alken-Maes","article_modified_time":"2022-10-06T09:47:11+00:00","og_image":[{"width":1200,"height":801,"url":"https:\/\/jobs.alken-maes.com\/wp-content\/uploads\/2022\/09\/AM-296-1.jpg","type":"image\/jpeg"}],"twitter_card":"summary_large_image","twitter_misc":{"Dur\u00e9e de lecture estim\u00e9e":"4 minutes"},"schema":{"@context":"https:\/\/schema.org","@graph":[{"@type":"WebPage","@id":"https:\/\/jobs.alken-maes.com\/fr\/privacy\/","url":"https:\/\/jobs.alken-maes.com\/fr\/privacy\/","name":"Privacy - Alken-Maes","isPartOf":{"@id":"https:\/\/jobs.alken-maes.com\/fr\/#website"},"datePublished":"2020-01-06T14:50:32+00:00","dateModified":"2022-10-06T09:47:11+00:00","breadcrumb":{"@id":"https:\/\/jobs.alken-maes.com\/fr\/privacy\/#breadcrumb"},"inLanguage":"fr-FR","potentialAction":[{"@type":"ReadAction","target":["https:\/\/jobs.alken-maes.com\/fr\/privacy\/"]}]},{"@type":"BreadcrumbList","@id":"https:\/\/jobs.alken-maes.com\/fr\/privacy\/#breadcrumb","itemListElement":[{"@type":"ListItem","position":1,"name":"Home","item":"https:\/\/jobs.alken-maes.com\/fr\/"},{"@type":"ListItem","position":2,"name":"Privacy"}]},{"@type":"WebSite","@id":"https:\/\/jobs.alken-maes.com\/fr\/#website","url":"https:\/\/jobs.alken-maes.com\/fr\/","name":"Alken-Maes","description":"","potentialAction":[{"@type":"SearchAction","target":{"@type":"EntryPoint","urlTemplate":"https:\/\/jobs.alken-maes.com\/fr\/?s={search_term_string}"},"query-input":"required name=search_term_string"}],"inLanguage":"fr-FR"}]}},"_links":{"self":[{"href":"https:\/\/jobs.alken-maes.com\/fr\/wp-json\/wp\/v2\/pages\/4416"}],"collection":[{"href":"https:\/\/jobs.alken-maes.com\/fr\/wp-json\/wp\/v2\/pages"}],"about":[{"href":"https:\/\/jobs.alken-maes.com\/fr\/wp-json\/wp\/v2\/types\/page"}],"author":[{"embeddable":true,"href":"https:\/\/jobs.alken-maes.com\/fr\/wp-json\/wp\/v2\/users\/3"}],"replies":[{"embeddable":true,"href":"https:\/\/jobs.alken-maes.com\/fr\/wp-json\/wp\/v2\/comments?post=4416"}],"version-history":[{"count":5,"href":"https:\/\/jobs.alken-maes.com\/fr\/wp-json\/wp\/v2\/pages\/4416\/revisions"}],"predecessor-version":[{"id":4963,"href":"https:\/\/jobs.alken-maes.com\/fr\/wp-json\/wp\/v2\/pages\/4416\/revisions\/4963"}],"wp:attachment":[{"href":"https:\/\/jobs.alken-maes.com\/fr\/wp-json\/wp\/v2\/media?parent=4416"}],"curies":[{"name":"wp","href":"https:\/\/api.w.org\/{rel}","templated":true}]}}